{"id":9,"date":"2021-02-24T17:50:43","date_gmt":"2021-02-24T16:50:43","guid":{"rendered":"https:\/\/www.naturalforce.ch\/?page_id=9"},"modified":"2021-02-24T18:37:39","modified_gmt":"2021-02-24T17:37:39","slug":"startseite","status":"publish","type":"page","link":"https:\/\/www.naturalforce.ch\/","title":{"rendered":"Natural Force"},"content":{"rendered":"\n<p>Seit \u00fcber 20 Jahren steht Natural Force f\u00fcr Musik der besonderen Art. Wir machen das was uns gef\u00e4llt, aber freuen uns nat\u00fcrlich auch, wenn es euch ebenso gef\u00e4llt.<\/p>\n","protected":false},"excerpt":{"rendered":"<p>Seit \u00fcber 20 Jahren steht Natural Force f\u00fcr Musik der besonderen Art. Wir machen das was uns gef\u00e4llt, aber freuen uns nat\u00fcrlich auch, wenn es euch ebenso gef\u00e4llt.<\/p>\n","protected":false},"author":1,"featured_media":0,"parent":0,"menu_order":0,"comment_status":"closed","ping_status":"closed","template":"","meta":[],"_links":{"self":[{"href":"https:\/\/www.naturalforce.ch\/index.php?rest_route=\/wp\/v2\/pages\/9"}],"collection":[{"href":"https:\/\/www.naturalforce.ch\/index.php?rest_route=\/wp\/v2\/pages"}],"about":[{"href":"https:\/\/www.naturalforce.ch\/index.php?rest_route=\/wp\/v2\/types\/page"}],"author":[{"embeddable":true,"href":"https:\/\/www.naturalforce.ch\/index.php?rest_route=\/wp\/v2\/users\/1"}],"replies":[{"embeddable":true,"href":"https:\/\/www.naturalforce.ch\/index.php?rest_route=%2Fwp%2Fv2%2Fcomments&post=9"}],"version-history":[{"count":5,"href":"https:\/\/www.naturalforce.ch\/index.php?rest_route=\/wp\/v2\/pages\/9\/revisions"}],"predecessor-version":[{"id":47,"href":"https:\/\/www.naturalforce.ch\/index.php?rest_route=\/wp\/v2\/pages\/9\/revisions\/47"}],"wp:attachment":[{"href":"https:\/\/www.naturalforce.ch\/index.php?rest_route=%2Fwp%2Fv2%2Fmedia&parent=9"}],"curies":[{"name":"wp","href":"https:\/\/api.w.org\/{rel}","templated":true}]}}