{"id":79,"date":"2021-02-24T23:57:26","date_gmt":"2021-02-24T22:57:26","guid":{"rendered":"https:\/\/www.naturalforce.ch\/?page_id=79"},"modified":"2021-03-04T18:35:47","modified_gmt":"2021-03-04T17:35:47","slug":"music","status":"publish","type":"page","link":"https:\/\/www.naturalforce.ch\/?page_id=79","title":{"rendered":"Music"},"content":{"rendered":"\n<p><strong>Re-Exciter<\/strong><\/p>\n\n\n\n<p>Die im August 2002 fertig gestellte \u201eRe-xciter\u201c war die Premiere-CD der Band und wurde von Anfang an als Non-Profit Projekt zu Ehren von Depeche Mode gesehen. Der Spa\u00df an der Musik hat uns inspiriert aus der \u201eExciter\u201c eine tanzbare Version, des doch eher ruhig anmutenden Album, heraus zu bringen. Das Album wurde stark am Original angelehnt mit diversen Einfl\u00fcssen aus anderen Songs von Depeche Mode, so dass sich Fans dieser Band mit diesen Songs sehr wohl f\u00fchlen werden. Alle Lieder wurden neu aufgenommen im NF-Ton-Studio und von Andy M. gesungen.<\/p>\n\n\n\n<figure class=\"wp-block-image size-large\"><img decoding=\"async\" loading=\"lazy\" width=\"170\" height=\"170\" src=\"https:\/\/www.naturalforce.ch\/wp-content\/uploads\/2021\/02\/CoverRe-xciter.jpg\" alt=\"\" class=\"wp-image-82\" srcset=\"https:\/\/www.naturalforce.ch\/wp-content\/uploads\/2021\/02\/CoverRe-xciter.jpg 170w, https:\/\/www.naturalforce.ch\/wp-content\/uploads\/2021\/02\/CoverRe-xciter-150x150.jpg 150w, https:\/\/www.naturalforce.ch\/wp-content\/uploads\/2021\/02\/CoverRe-xciter-100x100.jpg 100w\" sizes=\"(max-width: 170px) 100vw, 170px\" \/><figcaption>CD 2002 &#8211; Natural Force \/ Re-xciter<\/figcaption><\/figure>\n\n\n\n<ol><li>Dream on ( Inspired Version )<\/li><li>Shine ( Lightnin Version )<\/li><li>The sweetest Condition ( Sugar Version )<\/li><li>When the Body speaks ( Move Version )<\/li><li>The Dead of Night ( Killer Version )<\/li><li>Lovetheme ( Original )<\/li><li>Freelove ( Getit Version )<\/li><li>Comatose ( Come Version )<\/li><li>I feel Loved ( Beat Mix )<\/li><li>Easy Tiger ( Original )<\/li><li>I am you ( am Version )<\/li><li>Goodnight Lovers ( Dream off Version )<\/li><\/ol>\n\n\n\n<pre id=\"block-61332b70-b387-4d91-a325-e9042c31908d\" class=\"wp-block-preformatted\">All Songs are written by M.L.Gore\nNew edited and recorded by Natural Force (Andy M.).\nCD is not for sale\nVoice \/ Keys: Natural Force<\/pre>\n\n\n\n<p><strong>EP &#8211; Lost in Time<\/strong><\/p>\n\n\n\n<p>Limitierte EP-CD mit ruhigen und fesselnden Tracks.<\/p>\n\n\n\n<figure class=\"wp-block-image size-large\"><img decoding=\"async\" loading=\"lazy\" width=\"170\" height=\"170\" src=\"https:\/\/www.naturalforce.ch\/wp-content\/uploads\/2021\/02\/CoverLostInTime.jpg\" alt=\"\" class=\"wp-image-86\" srcset=\"https:\/\/www.naturalforce.ch\/wp-content\/uploads\/2021\/02\/CoverLostInTime.jpg 170w, https:\/\/www.naturalforce.ch\/wp-content\/uploads\/2021\/02\/CoverLostInTime-150x150.jpg 150w, https:\/\/www.naturalforce.ch\/wp-content\/uploads\/2021\/02\/CoverLostInTime-100x100.jpg 100w\" sizes=\"(max-width: 170px) 100vw, 170px\" \/><figcaption>EP 2006 &#8211; Natural Force \/ Lost in Time<\/figcaption><\/figure>\n\n\n\n<ol><li>Lost in Time<\/li><li>Seasons (Fell the Mix)<\/li><li>Bonus: Ice Machine (Caramell Mix)<\/li><\/ol>\n\n\n\n<p><strong>Electric Storm<\/strong><\/p>\n\n\n\n<p>Single Auskopplung der LP-CD Lost in Time. Rasantes St\u00fcck mit NF typischem Sound.<\/p>\n\n\n\n<figure class=\"wp-block-image size-large\"><img decoding=\"async\" loading=\"lazy\" width=\"170\" height=\"170\" src=\"https:\/\/www.naturalforce.ch\/wp-content\/uploads\/2021\/02\/CoverE-Storm.jpg\" alt=\"NFES\" class=\"wp-image-85\" srcset=\"https:\/\/www.naturalforce.ch\/wp-content\/uploads\/2021\/02\/CoverE-Storm.jpg 170w, https:\/\/www.naturalforce.ch\/wp-content\/uploads\/2021\/02\/CoverE-Storm-150x150.jpg 150w, https:\/\/www.naturalforce.ch\/wp-content\/uploads\/2021\/02\/CoverE-Storm-100x100.jpg 100w\" sizes=\"(max-width: 170px) 100vw, 170px\" \/><figcaption>CD 2006 &#8211; Natural Force \/ Electric Storm<\/figcaption><\/figure>\n\n\n\n<ol><li>Electric Storm (Byte Version)<\/li><li>Ice Machine (Cold Version)<\/li><\/ol>\n\n\n\n<pre id=\"block-0c6082b8-5b12-46dd-be01-1785fb13358f\" class=\"wp-block-preformatted\">Lyrics \/ Music \/ Programming\nMastering by Natural Force (Andy M.)\nArranged at the Hall of Fame Studio, Germany<\/pre>\n\n\n\n<p><strong>reactivator<\/strong><\/p>\n\n\n\n<p>yes, we are reactivated<\/p>\n\n\n\n<p>Wir freuen uns, euch nach l\u00e4ngerer Abwesenheit, unser neues Album vorstellen zu d\u00fcrfen. Neuer Sound und doch gewohnt sph\u00e4rische Kl\u00e4nge gepaart mit packenden Beats.<\/p>\n\n\n\n<figure class=\"wp-block-image size-large\"><img decoding=\"async\" loading=\"lazy\" width=\"170\" height=\"170\" src=\"https:\/\/www.naturalforce.ch\/wp-content\/uploads\/2021\/03\/nf-album-reactivator-170x170px.jpg\" alt=\"\" class=\"wp-image-100\" srcset=\"https:\/\/www.naturalforce.ch\/wp-content\/uploads\/2021\/03\/nf-album-reactivator-170x170px.jpg 170w, https:\/\/www.naturalforce.ch\/wp-content\/uploads\/2021\/03\/nf-album-reactivator-170x170px-150x150.jpg 150w, https:\/\/www.naturalforce.ch\/wp-content\/uploads\/2021\/03\/nf-album-reactivator-170x170px-100x100.jpg 100w\" sizes=\"(max-width: 170px) 100vw, 170px\" \/><figcaption>CD 2021 &#8211; Natural Force \/ reactivator<\/figcaption><\/figure>\n\n\n\n<ol><li>Nightrunner (Nightvision Mix)<\/li><li>Infinity 04:06 (\ua74f Mix)<\/li><li>Trainatic 04:17<\/li><li>Joyride 04:42<\/li><li>Reactivator 04:52<\/li><li>Crime Street 05:05<\/li><li>Sunrise 05:56 <\/li><li>Monolith 06:27<\/li><li>Lost in minds 05:53<\/li><li>Creature (Bonus) 04:21<\/li><li>Journey to the Empire (Bonus) 09:01<\/li><\/ol>\n\n\n\n<pre id=\"block-0c6082b8-5b12-46dd-be01-1785fb13358f\" class=\"wp-block-preformatted\">Lyrics \/ Music \/ Programming\nMastering by Natural Force (Andy M.)\nArranged at the Homeoffice Studio, Switzerland<\/pre>\n","protected":false},"excerpt":{"rendered":"<p>Re-Exciter Die im August 2002 fertig gestellte \u201eRe-xciter\u201c war die Premiere-CD der Band und wurde von Anfang an als Non-Profit Projekt zu Ehren von Depeche Mode gesehen. Der Spa\u00df an der Musik hat uns inspiriert aus der \u201eExciter\u201c eine tanzbare Version, des doch eher ruhig anmutenden Album, heraus zu bringen. Das Album wurde stark am &hellip; <\/p>\n<p class=\"link-more\"><a href=\"https:\/\/www.naturalforce.ch\/?page_id=79\" class=\"more-link\"><span class=\"screen-reader-text\">\u201eMusic\u201c<\/span> weiterlesen<\/a><\/p>\n","protected":false},"author":1,"featured_media":0,"parent":0,"menu_order":0,"comment_status":"closed","ping_status":"closed","template":"","meta":[],"_links":{"self":[{"href":"https:\/\/www.naturalforce.ch\/index.php?rest_route=\/wp\/v2\/pages\/79"}],"collection":[{"href":"https:\/\/www.naturalforce.ch\/index.php?rest_route=\/wp\/v2\/pages"}],"about":[{"href":"https:\/\/www.naturalforce.ch\/index.php?rest_route=\/wp\/v2\/types\/page"}],"author":[{"embeddable":true,"href":"https:\/\/www.naturalforce.ch\/index.php?rest_route=\/wp\/v2\/users\/1"}],"replies":[{"embeddable":true,"href":"https:\/\/www.naturalforce.ch\/index.php?rest_route=%2Fwp%2Fv2%2Fcomments&post=79"}],"version-history":[{"count":7,"href":"https:\/\/www.naturalforce.ch\/index.php?rest_route=\/wp\/v2\/pages\/79\/revisions"}],"predecessor-version":[{"id":103,"href":"https:\/\/www.naturalforce.ch\/index.php?rest_route=\/wp\/v2\/pages\/79\/revisions\/103"}],"wp:attachment":[{"href":"https:\/\/www.naturalforce.ch\/index.php?rest_route=%2Fwp%2Fv2%2Fmedia&parent=79"}],"curies":[{"name":"wp","href":"https:\/\/api.w.org\/{rel}","templated":true}]}}